{"id":836,"date":"2022-02-24T16:07:47","date_gmt":"2022-02-24T15:07:47","guid":{"rendered":"https:\/\/hotelanno.cz\/cookie-policy\/"},"modified":"2022-02-24T16:07:47","modified_gmt":"2022-02-24T15:07:47","slug":"cookie-policy","status":"publish","type":"page","link":"https:\/\/hotelanno.cz\/en\/cookie-policy\/","title":{"rendered":"Cookie policy"},"content":{"rendered":"<h3 style=\"text-align: left;\"><\/h3>\n<h3 style=\"text-align: left;\"><\/h3>\n<div class=\"cli_pg_page_contaner\">\n<h3 style=\"padding-left: 120px; text-align: left;\">About this cookie policy.<\/h3>\n<h3 style=\"padding-left: 120px; text-align: left;\">About this cookie policy.<\/h3>\n<div style=\"padding-left: 120px; text-align: left;\">This Cookie Policy explains what cookies are and how we use them. You should read this policy to understand what cookies are, how we use them, the types of cookies we use i.e, the information we collect using cookies and how that information is used and how to control the cookie preferences. For further information on how we use, store and keep your personal data secure, see our Privacy Policy. You can at any time change or withdraw your consent from the Cookie Declaration on our website.<br \/>\nLearn more about who we are, how you can contact us and how we process personal data in our Privacy Policy.<br \/>\nYour consent applies to the following domains: hotelanno.cz<br \/>\n<div class=\"wt-cli-element cli_user_consent_state\"><\/div><\/p>\n<\/div>\n<h3 style=\"padding-left: 120px; text-align: left;\">What are cookies ?<\/h3>\n<div style=\"padding-left: 120px; text-align: left;\">Cookies are small text files that are used to store small pieces of information. The cookies are stored on your device when the website is loaded on your browser. These cookies help us make the website function properly, make the website more secure, provide better user experience, and understand how the website performs and to analyze what works and where it needs improvement.<\/div>\n<h3 style=\"padding-left: 120px; text-align: left;\">How do we use cookies ?<\/h3>\n<div style=\"padding-left: 120px; text-align: left;\">As most of the online services, our website uses cookies first-party and third-party cookies for a number of purposes. The first-party cookies are mostly necessary for the website to function the right way, and they do not collect any of your personally identifiable data<\/p>\n<p style=\"padding-left: 120px;\">\n<p>The third-party cookies used on our websites are used mainly for understanding how the website performs, how you interact with our website, keeping our services secure, providing advertisements that are relevant to you, and all in all providing you with a better and improved user experience and help speed up your future interactions with our website.<\/p>\n<\/div>\n<h3 style=\"padding-left: 120px; text-align: left;\">What types of cookies do we use ?<\/h3>\n<div style=\"padding-left: 120px; text-align: left;\">The cookies used on our website are grouped into the following categories.<br \/>\n<div class=\"wt-cli-element cli_cookie_category_single\"><div class=\"cli_cookie_category_single\"><h5 class=\"cli_cookie_category_single_hd\">Necessary<\/h5><div class=\"cli_cookie_category_single_description\"><p>Necessary cookies are absolutely essential for the website to function properly. These cookies ensure basic functionalities and security features of the website, anonymously.\r\n<\/p><\/div><\/div><div class=\"cli_cookie_category_single\"><h5 class=\"cli_cookie_category_single_hd\">Others<\/h5><div class=\"cli_cookie_category_single_description\"><p>Other uncategorized cookies are those that are being analyzed and have not been classified into a category as yet.\r\n<\/p><\/div><\/div><\/div><br \/>\nThe below list details the cookies used in our website.<br \/>\n<table class=\"wt-cli-element cookielawinfo-classic cookielawinfo-row-cat-table\"><thead><tr><th scope=\"col\" class=\"cookielawinfo-column-1\">Cookie<\/th><th scope=\"col\" class=\"cookielawinfo-column-4\">Description<\/th><\/thead><tbody><\/tbody><\/table><\/div>\n<h3><\/h3>\n<h3 style=\"padding-left: 120px; text-align: left;\">How can I control the cookie preferences ?<\/h3>\n<div style=\"padding-left: 120px; text-align: left;\">You can manage your cookies preferences by clicking on the &#8220;Settings&#8221; button and enabling or disabling the cookie categories on the popup according to your preferences.<\/p>\n<p style=\"padding-left: 120px;\">\n<p>Should you decide to change your preferences later through your browsing session, you can click on the &#8220;Privacy &amp; Cookie Policy&#8221; tab on your screen. This will display the consent notice again enabling you to change your preferences or withdraw your consent entirely.<\/p>\n<p>In addition to this, different browsers provide different methods to block and delete cookies used by websites. You can change the settings of your browser to block\/delete the cookies. To find out more out more on how to manage and delete cookies, visit wikipedia.org, www.allaboutcookies.org.<\/p>\n<\/div>\n<p style=\"padding-left: 120px; text-align: left;\"><p class=\"wt-cli-element\" style=\"color:#333; clear:both; font-style:italic; font-size:12px; margin-top:15px;\">Powered By <a href=\"https:\/\/www.webtoffee.com\/\" style=\"color:#333; font-weight:600; font-size:12px;\">WebToffee<\/a><\/p><\/p>\n<\/div>\n","protected":false},"excerpt":{"rendered":"<p>About this cookie policy. About this cookie policy. This Cookie Policy explains what cookies are and how we use them. You should read this policy to understand what cookies are, how we use them, the types of cookies we use i.e, the information we collect using cookies and how that information is used and how to control the cookie preferences. For further information on how we use, store and keep your personal data secure, see our Privacy Policy. You can at any time change or withdraw your consent from the Cookie Declaration on our website. Learn more about who we are, how you can contact us and how we process personal data in our Privacy Policy. Your consent applies to the following domains: hotelanno.cz What are cookies ? Cookies are small text files that are used to store small pieces of information. The cookies are stored on your device when the website is loaded on your browser. These cookies help us make the website function properly, make the website more secure, provide better user experience, and understand how the website performs and to analyze what works and where it needs improvement. How do we use cookies ? As most of the online services, our website uses cookies first-party and third-party cookies for a number of purposes. The first-party cookies are mostly necessary for the website to function the right way, and they do not collect any of your personally identifiable data The third-party cookies used on our websites are used mainly for understanding how the website performs, how you interact with our website, keeping our services secure, providing advertisements that are relevant to you, and all in all providing you with a better and improved user experience and help speed up your future interactions with our website. What types of cookies do we use ? The cookies used on our website are grouped into the following categories. The below list details the cookies used in our website. How can I control the cookie preferences ? You can manage your cookies preferences by clicking on the &#8220;Settings&#8221; button and enabling or disabling the cookie categories on the popup according to your preferences. Should you decide to change your preferences later through your browsing session, you can click on the &#8220;Privacy &amp; Cookie Policy&#8221; tab on your screen. This will display the consent notice again enabling you to change your preferences or withdraw your consent entirely. In addition to this, different browsers provide different methods to block and delete cookies used by websites. You can change the settings of your browser to block\/delete the cookies. To find out more out more on how to manage and delete cookies, visit wikipedia.org, www.allaboutcookies.org.<\/p>\n","protected":false},"author":2,"featured_media":0,"parent":0,"menu_order":0,"comment_status":"closed","ping_status":"closed","template":"page-templates\/obecna-stranka.php","meta":{"_acf_changed":false,"footnotes":""},"class_list":["post-836","page","type-page","status-publish","hentry"],"acf":[],"yoast_head":"<!-- This site is optimized with the Yoast SEO plugin v22.5 - https:\/\/yoast.com\/wordpress\/plugins\/seo\/ -->\n<title>Cookie policy - Hotel ANNO<\/title>\n<meta name=\"robots\" content=\"index, follow, max-snippet:-1, max-image-preview:large, max-video-preview:-1\" \/>\n<link rel=\"canonical\" href=\"https:\/\/hotelanno.cz\/en\/cookie-policy\/\" \/>\n<meta property=\"og:locale\" content=\"en_US\" \/>\n<meta property=\"og:type\" content=\"article\" \/>\n<meta property=\"og:title\" content=\"Cookie policy - Hotel ANNO\" \/>\n<meta property=\"og:description\" content=\"About this cookie policy. About this cookie policy. This Cookie Policy explains what cookies are and how we use them. You should read this policy to understand what cookies are, how we use them, the types of cookies we use i.e, the information we collect using cookies and how that information is used and how to control the cookie preferences. For further information on how we use, store and keep your personal data secure, see our Privacy Policy. You can at any time change or withdraw your consent from the Cookie Declaration on our website. Learn more about who we are, how you can contact us and how we process personal data in our Privacy Policy. Your consent applies to the following domains: hotelanno.cz What are cookies ? Cookies are small text files that are used to store small pieces of information. The cookies are stored on your device when the website is loaded on your browser. These cookies help us make the website function properly, make the website more secure, provide better user experience, and understand how the website performs and to analyze what works and where it needs improvement. How do we use cookies ? As most of the online services, our website uses cookies first-party and third-party cookies for a number of purposes. The first-party cookies are mostly necessary for the website to function the right way, and they do not collect any of your personally identifiable data The third-party cookies used on our websites are used mainly for understanding how the website performs, how you interact with our website, keeping our services secure, providing advertisements that are relevant to you, and all in all providing you with a better and improved user experience and help speed up your future interactions with our website. What types of cookies do we use ? The cookies used on our website are grouped into the following categories. The below list details the cookies used in our website. How can I control the cookie preferences ? You can manage your cookies preferences by clicking on the &#8220;Settings&#8221; button and enabling or disabling the cookie categories on the popup according to your preferences. Should you decide to change your preferences later through your browsing session, you can click on the &#8220;Privacy &amp; Cookie Policy&#8221; tab on your screen. This will display the consent notice again enabling you to change your preferences or withdraw your consent entirely. In addition to this, different browsers provide different methods to block and delete cookies used by websites. You can change the settings of your browser to block\/delete the cookies. To find out more out more on how to manage and delete cookies, visit wikipedia.org, www.allaboutcookies.org.\" \/>\n<meta property=\"og:url\" content=\"https:\/\/hotelanno.cz\/en\/cookie-policy\/\" \/>\n<meta property=\"og:site_name\" content=\"Hotel ANNO\" \/>\n<meta name=\"twitter:card\" content=\"summary_large_image\" \/>\n<meta name=\"twitter:label1\" content=\"Est. reading time\" \/>\n\t<meta name=\"twitter:data1\" content=\"2 minutes\" \/>\n<script type=\"application\/ld+json\" class=\"yoast-schema-graph\">{\"@context\":\"https:\/\/schema.org\",\"@graph\":[{\"@type\":\"WebPage\",\"@id\":\"https:\/\/hotelanno.cz\/en\/cookie-policy\/\",\"url\":\"https:\/\/hotelanno.cz\/en\/cookie-policy\/\",\"name\":\"Cookie policy - Hotel ANNO\",\"isPartOf\":{\"@id\":\"https:\/\/hotelanno.cz\/en\/#website\"},\"datePublished\":\"2022-02-24T15:07:47+00:00\",\"dateModified\":\"2022-02-24T15:07:47+00:00\",\"breadcrumb\":{\"@id\":\"https:\/\/hotelanno.cz\/en\/cookie-policy\/#breadcrumb\"},\"inLanguage\":\"en-US\",\"potentialAction\":[{\"@type\":\"ReadAction\",\"target\":[\"https:\/\/hotelanno.cz\/en\/cookie-policy\/\"]}]},{\"@type\":\"BreadcrumbList\",\"@id\":\"https:\/\/hotelanno.cz\/en\/cookie-policy\/#breadcrumb\",\"itemListElement\":[{\"@type\":\"ListItem\",\"position\":1,\"name\":\"Dom\u016f\",\"item\":\"https:\/\/hotelanno.cz\/en\/\"},{\"@type\":\"ListItem\",\"position\":2,\"name\":\"Cookie policy\"}]},{\"@type\":\"WebSite\",\"@id\":\"https:\/\/hotelanno.cz\/en\/#website\",\"url\":\"https:\/\/hotelanno.cz\/en\/\",\"name\":\"Hotel ANNO\",\"description\":\"TOSK\u00c1NSK\u00dd STYL UPROST\u0158ED NOV\u00c9HO M\u011aSTA NAD METUJ\u00cd\",\"potentialAction\":[{\"@type\":\"SearchAction\",\"target\":{\"@type\":\"EntryPoint\",\"urlTemplate\":\"https:\/\/hotelanno.cz\/en\/?s={search_term_string}\"},\"query-input\":\"required name=search_term_string\"}],\"inLanguage\":\"en-US\"}]}<\/script>\n<!-- \/ Yoast SEO plugin. -->","yoast_head_json":{"title":"Cookie policy - Hotel ANNO","robots":{"index":"index","follow":"follow","max-snippet":"max-snippet:-1","max-image-preview":"max-image-preview:large","max-video-preview":"max-video-preview:-1"},"canonical":"https:\/\/hotelanno.cz\/en\/cookie-policy\/","og_locale":"en_US","og_type":"article","og_title":"Cookie policy - Hotel ANNO","og_description":"About this cookie policy. About this cookie policy. This Cookie Policy explains what cookies are and how we use them. You should read this policy to understand what cookies are, how we use them, the types of cookies we use i.e, the information we collect using cookies and how that information is used and how to control the cookie preferences. For further information on how we use, store and keep your personal data secure, see our Privacy Policy. You can at any time change or withdraw your consent from the Cookie Declaration on our website. Learn more about who we are, how you can contact us and how we process personal data in our Privacy Policy. Your consent applies to the following domains: hotelanno.cz What are cookies ? Cookies are small text files that are used to store small pieces of information. The cookies are stored on your device when the website is loaded on your browser. These cookies help us make the website function properly, make the website more secure, provide better user experience, and understand how the website performs and to analyze what works and where it needs improvement. How do we use cookies ? As most of the online services, our website uses cookies first-party and third-party cookies for a number of purposes. The first-party cookies are mostly necessary for the website to function the right way, and they do not collect any of your personally identifiable data The third-party cookies used on our websites are used mainly for understanding how the website performs, how you interact with our website, keeping our services secure, providing advertisements that are relevant to you, and all in all providing you with a better and improved user experience and help speed up your future interactions with our website. What types of cookies do we use ? The cookies used on our website are grouped into the following categories. The below list details the cookies used in our website. How can I control the cookie preferences ? You can manage your cookies preferences by clicking on the &#8220;Settings&#8221; button and enabling or disabling the cookie categories on the popup according to your preferences. Should you decide to change your preferences later through your browsing session, you can click on the &#8220;Privacy &amp; Cookie Policy&#8221; tab on your screen. This will display the consent notice again enabling you to change your preferences or withdraw your consent entirely. In addition to this, different browsers provide different methods to block and delete cookies used by websites. You can change the settings of your browser to block\/delete the cookies. To find out more out more on how to manage and delete cookies, visit wikipedia.org, www.allaboutcookies.org.","og_url":"https:\/\/hotelanno.cz\/en\/cookie-policy\/","og_site_name":"Hotel ANNO","twitter_card":"summary_large_image","twitter_misc":{"Est. reading time":"2 minutes"},"schema":{"@context":"https:\/\/schema.org","@graph":[{"@type":"WebPage","@id":"https:\/\/hotelanno.cz\/en\/cookie-policy\/","url":"https:\/\/hotelanno.cz\/en\/cookie-policy\/","name":"Cookie policy - Hotel ANNO","isPartOf":{"@id":"https:\/\/hotelanno.cz\/en\/#website"},"datePublished":"2022-02-24T15:07:47+00:00","dateModified":"2022-02-24T15:07:47+00:00","breadcrumb":{"@id":"https:\/\/hotelanno.cz\/en\/cookie-policy\/#breadcrumb"},"inLanguage":"en-US","potentialAction":[{"@type":"ReadAction","target":["https:\/\/hotelanno.cz\/en\/cookie-policy\/"]}]},{"@type":"BreadcrumbList","@id":"https:\/\/hotelanno.cz\/en\/cookie-policy\/#breadcrumb","itemListElement":[{"@type":"ListItem","position":1,"name":"Dom\u016f","item":"https:\/\/hotelanno.cz\/en\/"},{"@type":"ListItem","position":2,"name":"Cookie policy"}]},{"@type":"WebSite","@id":"https:\/\/hotelanno.cz\/en\/#website","url":"https:\/\/hotelanno.cz\/en\/","name":"Hotel ANNO","description":"TOSK\u00c1NSK\u00dd STYL UPROST\u0158ED NOV\u00c9HO M\u011aSTA NAD METUJ\u00cd","potentialAction":[{"@type":"SearchAction","target":{"@type":"EntryPoint","urlTemplate":"https:\/\/hotelanno.cz\/en\/?s={search_term_string}"},"query-input":"required name=search_term_string"}],"inLanguage":"en-US"}]}},"_links":{"self":[{"href":"https:\/\/hotelanno.cz\/en\/wp-json\/wp\/v2\/pages\/836","targetHints":{"allow":["GET"]}}],"collection":[{"href":"https:\/\/hotelanno.cz\/en\/wp-json\/wp\/v2\/pages"}],"about":[{"href":"https:\/\/hotelanno.cz\/en\/wp-json\/wp\/v2\/types\/page"}],"author":[{"embeddable":true,"href":"https:\/\/hotelanno.cz\/en\/wp-json\/wp\/v2\/users\/2"}],"replies":[{"embeddable":true,"href":"https:\/\/hotelanno.cz\/en\/wp-json\/wp\/v2\/comments?post=836"}],"version-history":[{"count":0,"href":"https:\/\/hotelanno.cz\/en\/wp-json\/wp\/v2\/pages\/836\/revisions"}],"wp:attachment":[{"href":"https:\/\/hotelanno.cz\/en\/wp-json\/wp\/v2\/media?parent=836"}],"curies":[{"name":"wp","href":"https:\/\/api.w.org\/{rel}","templated":true}]}}