{"id":462,"date":"2022-01-31T00:27:55","date_gmt":"2022-01-30T23:27:55","guid":{"rendered":"https:\/\/test.hotelanno.cz\/culture\/"},"modified":"2022-02-03T16:35:32","modified_gmt":"2022-02-03T15:35:32","slug":"culture","status":"publish","type":"page","link":"https:\/\/hotelanno.cz\/en\/culture\/","title":{"rendered":"Culture"},"content":{"rendered":"","protected":false},"excerpt":{"rendered":"","protected":false},"author":1,"featured_media":0,"parent":0,"menu_order":0,"comment_status":"closed","ping_status":"closed","template":"page-templates\/kultura.php","meta":{"_acf_changed":false,"footnotes":""},"class_list":["post-462","page","type-page","status-publish","hentry"],"acf":[],"yoast_head":"<!-- This site is optimized with the Yoast SEO plugin v22.5 - https:\/\/yoast.com\/wordpress\/plugins\/seo\/ -->\n<title>Culture - Hotel ANNO<\/title>\n<meta name=\"robots\" content=\"index, follow, max-snippet:-1, max-image-preview:large, max-video-preview:-1\" \/>\n<link rel=\"canonical\" href=\"https:\/\/hotelanno.cz\/en\/culture\/\" \/>\n<meta property=\"og:locale\" content=\"en_US\" \/>\n<meta property=\"og:type\" content=\"article\" \/>\n<meta property=\"og:title\" content=\"Culture - Hotel ANNO\" \/>\n<meta property=\"og:url\" content=\"https:\/\/hotelanno.cz\/en\/culture\/\" \/>\n<meta property=\"og:site_name\" content=\"Hotel ANNO\" \/>\n<meta property=\"article:modified_time\" content=\"2022-02-03T15:35:32+00:00\" \/>\n<meta name=\"twitter:card\" content=\"summary_large_image\" \/>\n<script type=\"application\/ld+json\" class=\"yoast-schema-graph\">{\"@context\":\"https:\/\/schema.org\",\"@graph\":[{\"@type\":\"WebPage\",\"@id\":\"https:\/\/hotelanno.cz\/en\/culture\/\",\"url\":\"https:\/\/hotelanno.cz\/en\/culture\/\",\"name\":\"Culture - Hotel ANNO\",\"isPartOf\":{\"@id\":\"https:\/\/hotelanno.cz\/en\/#website\"},\"datePublished\":\"2022-01-30T23:27:55+00:00\",\"dateModified\":\"2022-02-03T15:35:32+00:00\",\"breadcrumb\":{\"@id\":\"https:\/\/hotelanno.cz\/en\/culture\/#breadcrumb\"},\"inLanguage\":\"en-US\",\"potentialAction\":[{\"@type\":\"ReadAction\",\"target\":[\"https:\/\/hotelanno.cz\/en\/culture\/\"]}]},{\"@type\":\"BreadcrumbList\",\"@id\":\"https:\/\/hotelanno.cz\/en\/culture\/#breadcrumb\",\"itemListElement\":[{\"@type\":\"ListItem\",\"position\":1,\"name\":\"Dom\u016f\",\"item\":\"https:\/\/hotelanno.cz\/en\/\"},{\"@type\":\"ListItem\",\"position\":2,\"name\":\"Culture\"}]},{\"@type\":\"WebSite\",\"@id\":\"https:\/\/hotelanno.cz\/en\/#website\",\"url\":\"https:\/\/hotelanno.cz\/en\/\",\"name\":\"Hotel ANNO\",\"description\":\"TOSK\u00c1NSK\u00dd STYL UPROST\u0158ED NOV\u00c9HO M\u011aSTA NAD METUJ\u00cd\",\"potentialAction\":[{\"@type\":\"SearchAction\",\"target\":{\"@type\":\"EntryPoint\",\"urlTemplate\":\"https:\/\/hotelanno.cz\/en\/?s={search_term_string}\"},\"query-input\":\"required name=search_term_string\"}],\"inLanguage\":\"en-US\"}]}<\/script>\n<!-- \/ Yoast SEO plugin. -->","yoast_head_json":{"title":"Culture - Hotel ANNO","robots":{"index":"index","follow":"follow","max-snippet":"max-snippet:-1","max-image-preview":"max-image-preview:large","max-video-preview":"max-video-preview:-1"},"canonical":"https:\/\/hotelanno.cz\/en\/culture\/","og_locale":"en_US","og_type":"article","og_title":"Culture - Hotel ANNO","og_url":"https:\/\/hotelanno.cz\/en\/culture\/","og_site_name":"Hotel ANNO","article_modified_time":"2022-02-03T15:35:32+00:00","twitter_card":"summary_large_image","schema":{"@context":"https:\/\/schema.org","@graph":[{"@type":"WebPage","@id":"https:\/\/hotelanno.cz\/en\/culture\/","url":"https:\/\/hotelanno.cz\/en\/culture\/","name":"Culture - Hotel ANNO","isPartOf":{"@id":"https:\/\/hotelanno.cz\/en\/#website"},"datePublished":"2022-01-30T23:27:55+00:00","dateModified":"2022-02-03T15:35:32+00:00","breadcrumb":{"@id":"https:\/\/hotelanno.cz\/en\/culture\/#breadcrumb"},"inLanguage":"en-US","potentialAction":[{"@type":"ReadAction","target":["https:\/\/hotelanno.cz\/en\/culture\/"]}]},{"@type":"BreadcrumbList","@id":"https:\/\/hotelanno.cz\/en\/culture\/#breadcrumb","itemListElement":[{"@type":"ListItem","position":1,"name":"Dom\u016f","item":"https:\/\/hotelanno.cz\/en\/"},{"@type":"ListItem","position":2,"name":"Culture"}]},{"@type":"WebSite","@id":"https:\/\/hotelanno.cz\/en\/#website","url":"https:\/\/hotelanno.cz\/en\/","name":"Hotel ANNO","description":"TOSK\u00c1NSK\u00dd STYL UPROST\u0158ED NOV\u00c9HO M\u011aSTA NAD METUJ\u00cd","potentialAction":[{"@type":"SearchAction","target":{"@type":"EntryPoint","urlTemplate":"https:\/\/hotelanno.cz\/en\/?s={search_term_string}"},"query-input":"required name=search_term_string"}],"inLanguage":"en-US"}]}},"_links":{"self":[{"href":"https:\/\/hotelanno.cz\/en\/wp-json\/wp\/v2\/pages\/462","targetHints":{"allow":["GET"]}}],"collection":[{"href":"https:\/\/hotelanno.cz\/en\/wp-json\/wp\/v2\/pages"}],"about":[{"href":"https:\/\/hotelanno.cz\/en\/wp-json\/wp\/v2\/types\/page"}],"author":[{"embeddable":true,"href":"https:\/\/hotelanno.cz\/en\/wp-json\/wp\/v2\/users\/1"}],"replies":[{"embeddable":true,"href":"https:\/\/hotelanno.cz\/en\/wp-json\/wp\/v2\/comments?post=462"}],"version-history":[{"count":1,"href":"https:\/\/hotelanno.cz\/en\/wp-json\/wp\/v2\/pages\/462\/revisions"}],"predecessor-version":[{"id":685,"href":"https:\/\/hotelanno.cz\/en\/wp-json\/wp\/v2\/pages\/462\/revisions\/685"}],"wp:attachment":[{"href":"https:\/\/hotelanno.cz\/en\/wp-json\/wp\/v2\/media?parent=462"}],"curies":[{"name":"wp","href":"https:\/\/api.w.org\/{rel}","templated":true}]}}