{"id":460,"date":"2022-01-31T00:29:00","date_gmt":"2022-01-30T23:29:00","guid":{"rendered":"https:\/\/test.hotelanno.cz\/hotel\/"},"modified":"2024-10-29T21:08:20","modified_gmt":"2024-10-29T20:08:20","slug":"hotel","status":"publish","type":"page","link":"https:\/\/hotelanno.cz\/de\/hotel\/","title":{"rendered":"Hotel"},"content":{"rendered":"","protected":false},"excerpt":{"rendered":"","protected":false},"author":1,"featured_media":0,"parent":0,"menu_order":0,"comment_status":"closed","ping_status":"closed","template":"page-templates\/hotel.php","meta":{"_acf_changed":false,"footnotes":""},"class_list":["post-460","page","type-page","status-publish","hentry"],"acf":[],"yoast_head":"<!-- This site is optimized with the Yoast SEO plugin v22.5 - https:\/\/yoast.com\/wordpress\/plugins\/seo\/ -->\n<title>Hotel - Hotel ANNO<\/title>\n<meta name=\"robots\" content=\"index, follow, max-snippet:-1, max-image-preview:large, max-video-preview:-1\" \/>\n<link rel=\"canonical\" href=\"https:\/\/hotelanno.cz\/de\/hotel\/\" \/>\n<meta property=\"og:locale\" content=\"de_DE\" \/>\n<meta property=\"og:type\" content=\"article\" \/>\n<meta property=\"og:title\" content=\"Hotel - Hotel ANNO\" \/>\n<meta property=\"og:url\" content=\"https:\/\/hotelanno.cz\/de\/hotel\/\" \/>\n<meta property=\"og:site_name\" content=\"Hotel ANNO\" \/>\n<meta property=\"article:modified_time\" content=\"2024-10-29T20:08:20+00:00\" \/>\n<meta name=\"twitter:card\" content=\"summary_large_image\" \/>\n<script type=\"application\/ld+json\" class=\"yoast-schema-graph\">{\"@context\":\"https:\/\/schema.org\",\"@graph\":[{\"@type\":\"WebPage\",\"@id\":\"https:\/\/hotelanno.cz\/de\/hotel\/\",\"url\":\"https:\/\/hotelanno.cz\/de\/hotel\/\",\"name\":\"Hotel - Hotel ANNO\",\"isPartOf\":{\"@id\":\"https:\/\/hotelanno.cz\/de\/#website\"},\"datePublished\":\"2022-01-30T23:29:00+00:00\",\"dateModified\":\"2024-10-29T20:08:20+00:00\",\"breadcrumb\":{\"@id\":\"https:\/\/hotelanno.cz\/de\/hotel\/#breadcrumb\"},\"inLanguage\":\"de\",\"potentialAction\":[{\"@type\":\"ReadAction\",\"target\":[\"https:\/\/hotelanno.cz\/de\/hotel\/\"]}]},{\"@type\":\"BreadcrumbList\",\"@id\":\"https:\/\/hotelanno.cz\/de\/hotel\/#breadcrumb\",\"itemListElement\":[{\"@type\":\"ListItem\",\"position\":1,\"name\":\"Dom\u016f\",\"item\":\"https:\/\/hotelanno.cz\/de\/\"},{\"@type\":\"ListItem\",\"position\":2,\"name\":\"Hotel\"}]},{\"@type\":\"WebSite\",\"@id\":\"https:\/\/hotelanno.cz\/de\/#website\",\"url\":\"https:\/\/hotelanno.cz\/de\/\",\"name\":\"Hotel ANNO\",\"description\":\"TOSK\u00c1NSK\u00dd STYL UPROST\u0158ED NOV\u00c9HO M\u011aSTA NAD METUJ\u00cd\",\"potentialAction\":[{\"@type\":\"SearchAction\",\"target\":{\"@type\":\"EntryPoint\",\"urlTemplate\":\"https:\/\/hotelanno.cz\/de\/?s={search_term_string}\"},\"query-input\":\"required name=search_term_string\"}],\"inLanguage\":\"de\"}]}<\/script>\n<!-- \/ Yoast SEO plugin. -->","yoast_head_json":{"title":"Hotel - Hotel ANNO","robots":{"index":"index","follow":"follow","max-snippet":"max-snippet:-1","max-image-preview":"max-image-preview:large","max-video-preview":"max-video-preview:-1"},"canonical":"https:\/\/hotelanno.cz\/de\/hotel\/","og_locale":"de_DE","og_type":"article","og_title":"Hotel - Hotel ANNO","og_url":"https:\/\/hotelanno.cz\/de\/hotel\/","og_site_name":"Hotel ANNO","article_modified_time":"2024-10-29T20:08:20+00:00","twitter_card":"summary_large_image","schema":{"@context":"https:\/\/schema.org","@graph":[{"@type":"WebPage","@id":"https:\/\/hotelanno.cz\/de\/hotel\/","url":"https:\/\/hotelanno.cz\/de\/hotel\/","name":"Hotel - Hotel ANNO","isPartOf":{"@id":"https:\/\/hotelanno.cz\/de\/#website"},"datePublished":"2022-01-30T23:29:00+00:00","dateModified":"2024-10-29T20:08:20+00:00","breadcrumb":{"@id":"https:\/\/hotelanno.cz\/de\/hotel\/#breadcrumb"},"inLanguage":"de","potentialAction":[{"@type":"ReadAction","target":["https:\/\/hotelanno.cz\/de\/hotel\/"]}]},{"@type":"BreadcrumbList","@id":"https:\/\/hotelanno.cz\/de\/hotel\/#breadcrumb","itemListElement":[{"@type":"ListItem","position":1,"name":"Dom\u016f","item":"https:\/\/hotelanno.cz\/de\/"},{"@type":"ListItem","position":2,"name":"Hotel"}]},{"@type":"WebSite","@id":"https:\/\/hotelanno.cz\/de\/#website","url":"https:\/\/hotelanno.cz\/de\/","name":"Hotel ANNO","description":"TOSK\u00c1NSK\u00dd STYL UPROST\u0158ED NOV\u00c9HO M\u011aSTA NAD METUJ\u00cd","potentialAction":[{"@type":"SearchAction","target":{"@type":"EntryPoint","urlTemplate":"https:\/\/hotelanno.cz\/de\/?s={search_term_string}"},"query-input":"required name=search_term_string"}],"inLanguage":"de"}]}},"_links":{"self":[{"href":"https:\/\/hotelanno.cz\/de\/wp-json\/wp\/v2\/pages\/460","targetHints":{"allow":["GET"]}}],"collection":[{"href":"https:\/\/hotelanno.cz\/de\/wp-json\/wp\/v2\/pages"}],"about":[{"href":"https:\/\/hotelanno.cz\/de\/wp-json\/wp\/v2\/types\/page"}],"author":[{"embeddable":true,"href":"https:\/\/hotelanno.cz\/de\/wp-json\/wp\/v2\/users\/1"}],"replies":[{"embeddable":true,"href":"https:\/\/hotelanno.cz\/de\/wp-json\/wp\/v2\/comments?post=460"}],"version-history":[{"count":4,"href":"https:\/\/hotelanno.cz\/de\/wp-json\/wp\/v2\/pages\/460\/revisions"}],"predecessor-version":[{"id":5773,"href":"https:\/\/hotelanno.cz\/de\/wp-json\/wp\/v2\/pages\/460\/revisions\/5773"}],"wp:attachment":[{"href":"https:\/\/hotelanno.cz\/de\/wp-json\/wp\/v2\/media?parent=460"}],"curies":[{"name":"wp","href":"https:\/\/api.w.org\/{rel}","templated":true}]}}